{"id":722,"date":"2022-10-21T07:06:50","date_gmt":"2022-10-21T07:06:50","guid":{"rendered":"https:\/\/stage.mx.havas.com\/havas-market\/"},"modified":"2023-08-03T10:57:18","modified_gmt":"2023-08-03T10:57:18","slug":"havas-market","status":"publish","type":"page","link":"https:\/\/mx.havas.com\/es\/havas-market\/","title":{"rendered":"Havas Market"},"content":{"rendered":"","protected":false},"excerpt":{"rendered":"","protected":false},"author":1,"featured_media":0,"parent":0,"menu_order":0,"comment_status":"closed","ping_status":"closed","template":"","meta":{"footnotes":""},"class_list":["post-722","page","type-page","status-publish","hentry","entry"],"yoast_head":"<!-- This site is optimized with the Yoast SEO plugin v27.3 - https:\/\/yoast.com\/product\/yoast-seo-wordpress\/ -->\n<title>Havas Market Consultor\u00eda para E-commerce<\/title>\n<meta name=\"description\" content=\"Havas Market es una oferta estrat\u00e9gica para comercio electr\u00f3nico, enfocada en crear experiencias de compra significativas, soluci\u00f3n integral flexible que combina m\u00e9tricas de medios y datos de venta, para un crecimiento incremental. Definimos juntos una\u00a0visi\u00f3n hol\u00edstica de su negocio\u00a0con un enfoque centrado en el consumidor\" \/>\n<meta name=\"robots\" content=\"index, follow, max-snippet:-1, max-image-preview:large, max-video-preview:-1\" \/>\n<link rel=\"canonical\" href=\"https:\/\/mx.havas.com\/es\/havas-market\/\" \/>\n<meta property=\"og:locale\" content=\"es_ES\" \/>\n<meta property=\"og:type\" content=\"article\" \/>\n<meta property=\"og:title\" content=\"Havas Market Consultor\u00eda para E-commerce\" \/>\n<meta property=\"og:description\" content=\"Havas Market es una oferta estrat\u00e9gica para comercio electr\u00f3nico, enfocada en crear experiencias de compra significativas, soluci\u00f3n integral flexible que combina m\u00e9tricas de medios y datos de venta, para un crecimiento incremental. Definimos juntos una\u00a0visi\u00f3n hol\u00edstica de su negocio\u00a0con un enfoque centrado en el consumidor\" \/>\n<meta property=\"og:url\" content=\"https:\/\/mx.havas.com\/es\/havas-market\/\" \/>\n<meta property=\"og:site_name\" content=\"Havas Mexico\" \/>\n<meta property=\"article:modified_time\" content=\"2023-08-03T10:57:18+00:00\" \/>\n<meta name=\"twitter:card\" content=\"summary_large_image\" \/>\n<script type=\"application\/ld+json\" class=\"yoast-schema-graph\">{\"@context\":\"https:\\\/\\\/schema.org\",\"@graph\":[{\"@type\":\"WebPage\",\"@id\":\"https:\\\/\\\/mx.havas.com\\\/es\\\/havas-market\\\/\",\"url\":\"https:\\\/\\\/mx.havas.com\\\/es\\\/havas-market\\\/\",\"name\":\"Havas Market Consultor\u00eda para E-commerce\",\"isPartOf\":{\"@id\":\"https:\\\/\\\/mx.havas.com\\\/es\\\/#website\"},\"datePublished\":\"2022-10-21T07:06:50+00:00\",\"dateModified\":\"2023-08-03T10:57:18+00:00\",\"description\":\"Havas Market es una oferta estrat\u00e9gica para comercio electr\u00f3nico, enfocada en crear experiencias de compra significativas, soluci\u00f3n integral flexible que combina m\u00e9tricas de medios y datos de venta, para un crecimiento incremental. Definimos juntos una\u00a0visi\u00f3n hol\u00edstica de su negocio\u00a0con un enfoque centrado en el consumidor\",\"breadcrumb\":{\"@id\":\"https:\\\/\\\/mx.havas.com\\\/es\\\/havas-market\\\/#breadcrumb\"},\"inLanguage\":\"es-ES\",\"potentialAction\":[{\"@type\":\"ReadAction\",\"target\":[\"https:\\\/\\\/mx.havas.com\\\/es\\\/havas-market\\\/\"]}]},{\"@type\":\"BreadcrumbList\",\"@id\":\"https:\\\/\\\/mx.havas.com\\\/es\\\/havas-market\\\/#breadcrumb\",\"itemListElement\":[{\"@type\":\"ListItem\",\"position\":1,\"name\":\"Home\",\"item\":\"https:\\\/\\\/mx.havas.com\\\/es\\\/\"},{\"@type\":\"ListItem\",\"position\":2,\"name\":\"Havas Market\"}]},{\"@type\":\"WebSite\",\"@id\":\"https:\\\/\\\/mx.havas.com\\\/es\\\/#website\",\"url\":\"https:\\\/\\\/mx.havas.com\\\/es\\\/\",\"name\":\"Havas Mexico\",\"description\":\"Just another Havas Village Sites site\",\"publisher\":{\"@id\":\"https:\\\/\\\/mx.havas.com\\\/es\\\/#organization\"},\"potentialAction\":[{\"@type\":\"SearchAction\",\"target\":{\"@type\":\"EntryPoint\",\"urlTemplate\":\"https:\\\/\\\/mx.havas.com\\\/es\\\/?s={search_term_string}\"},\"query-input\":{\"@type\":\"PropertyValueSpecification\",\"valueRequired\":true,\"valueName\":\"search_term_string\"}}],\"inLanguage\":\"es-ES\"},{\"@type\":\"Organization\",\"@id\":\"https:\\\/\\\/mx.havas.com\\\/es\\\/#organization\",\"name\":\"Havas Mexico\",\"url\":\"https:\\\/\\\/mx.havas.com\\\/es\\\/\",\"logo\":{\"@type\":\"ImageObject\",\"inLanguage\":\"es-ES\",\"@id\":\"https:\\\/\\\/mx.havas.com\\\/es\\\/#\\\/schema\\\/logo\\\/image\\\/\",\"url\":\"https:\\\/\\\/mx.havas.com\\\/wp-content\\\/uploads\\\/2022\\\/10\\\/B_HHOME.jpg\",\"contentUrl\":\"https:\\\/\\\/mx.havas.com\\\/wp-content\\\/uploads\\\/2022\\\/10\\\/B_HHOME.jpg\",\"width\":1920,\"height\":1080,\"caption\":\"Havas Mexico\"},\"image\":{\"@id\":\"https:\\\/\\\/mx.havas.com\\\/es\\\/#\\\/schema\\\/logo\\\/image\\\/\"}}]}<\/script>\n<!-- \/ Yoast SEO plugin. -->","yoast_head_json":{"title":"Havas Market Consultor\u00eda para E-commerce","description":"Havas Market es una oferta estrat\u00e9gica para comercio electr\u00f3nico, enfocada en crear experiencias de compra significativas, soluci\u00f3n integral flexible que combina m\u00e9tricas de medios y datos de venta, para un crecimiento incremental. Definimos juntos una\u00a0visi\u00f3n hol\u00edstica de su negocio\u00a0con un enfoque centrado en el consumidor","robots":{"index":"index","follow":"follow","max-snippet":"max-snippet:-1","max-image-preview":"max-image-preview:large","max-video-preview":"max-video-preview:-1"},"canonical":"https:\/\/mx.havas.com\/es\/havas-market\/","og_locale":"es_ES","og_type":"article","og_title":"Havas Market Consultor\u00eda para E-commerce","og_description":"Havas Market es una oferta estrat\u00e9gica para comercio electr\u00f3nico, enfocada en crear experiencias de compra significativas, soluci\u00f3n integral flexible que combina m\u00e9tricas de medios y datos de venta, para un crecimiento incremental. Definimos juntos una\u00a0visi\u00f3n hol\u00edstica de su negocio\u00a0con un enfoque centrado en el consumidor","og_url":"https:\/\/mx.havas.com\/es\/havas-market\/","og_site_name":"Havas Mexico","article_modified_time":"2023-08-03T10:57:18+00:00","twitter_card":"summary_large_image","schema":{"@context":"https:\/\/schema.org","@graph":[{"@type":"WebPage","@id":"https:\/\/mx.havas.com\/es\/havas-market\/","url":"https:\/\/mx.havas.com\/es\/havas-market\/","name":"Havas Market Consultor\u00eda para E-commerce","isPartOf":{"@id":"https:\/\/mx.havas.com\/es\/#website"},"datePublished":"2022-10-21T07:06:50+00:00","dateModified":"2023-08-03T10:57:18+00:00","description":"Havas Market es una oferta estrat\u00e9gica para comercio electr\u00f3nico, enfocada en crear experiencias de compra significativas, soluci\u00f3n integral flexible que combina m\u00e9tricas de medios y datos de venta, para un crecimiento incremental. Definimos juntos una\u00a0visi\u00f3n hol\u00edstica de su negocio\u00a0con un enfoque centrado en el consumidor","breadcrumb":{"@id":"https:\/\/mx.havas.com\/es\/havas-market\/#breadcrumb"},"inLanguage":"es-ES","potentialAction":[{"@type":"ReadAction","target":["https:\/\/mx.havas.com\/es\/havas-market\/"]}]},{"@type":"BreadcrumbList","@id":"https:\/\/mx.havas.com\/es\/havas-market\/#breadcrumb","itemListElement":[{"@type":"ListItem","position":1,"name":"Home","item":"https:\/\/mx.havas.com\/es\/"},{"@type":"ListItem","position":2,"name":"Havas Market"}]},{"@type":"WebSite","@id":"https:\/\/mx.havas.com\/es\/#website","url":"https:\/\/mx.havas.com\/es\/","name":"Havas Mexico","description":"Just another Havas Village Sites site","publisher":{"@id":"https:\/\/mx.havas.com\/es\/#organization"},"potentialAction":[{"@type":"SearchAction","target":{"@type":"EntryPoint","urlTemplate":"https:\/\/mx.havas.com\/es\/?s={search_term_string}"},"query-input":{"@type":"PropertyValueSpecification","valueRequired":true,"valueName":"search_term_string"}}],"inLanguage":"es-ES"},{"@type":"Organization","@id":"https:\/\/mx.havas.com\/es\/#organization","name":"Havas Mexico","url":"https:\/\/mx.havas.com\/es\/","logo":{"@type":"ImageObject","inLanguage":"es-ES","@id":"https:\/\/mx.havas.com\/es\/#\/schema\/logo\/image\/","url":"https:\/\/mx.havas.com\/wp-content\/uploads\/2022\/10\/B_HHOME.jpg","contentUrl":"https:\/\/mx.havas.com\/wp-content\/uploads\/2022\/10\/B_HHOME.jpg","width":1920,"height":1080,"caption":"Havas Mexico"},"image":{"@id":"https:\/\/mx.havas.com\/es\/#\/schema\/logo\/image\/"}}]}},"_links":{"self":[{"href":"https:\/\/mx.havas.com\/es\/wp-json\/wp\/v2\/pages\/722","targetHints":{"allow":["GET"]}}],"collection":[{"href":"https:\/\/mx.havas.com\/es\/wp-json\/wp\/v2\/pages"}],"about":[{"href":"https:\/\/mx.havas.com\/es\/wp-json\/wp\/v2\/types\/page"}],"author":[{"embeddable":true,"href":"https:\/\/mx.havas.com\/es\/wp-json\/wp\/v2\/users\/1"}],"replies":[{"embeddable":true,"href":"https:\/\/mx.havas.com\/es\/wp-json\/wp\/v2\/comments?post=722"}],"version-history":[{"count":0,"href":"https:\/\/mx.havas.com\/es\/wp-json\/wp\/v2\/pages\/722\/revisions"}],"wp:attachment":[{"href":"https:\/\/mx.havas.com\/es\/wp-json\/wp\/v2\/media?parent=722"}],"curies":[{"name":"wp","href":"https:\/\/api.w.org\/{rel}","templated":true}]}}