{"id":583,"date":"2022-10-20T04:11:44","date_gmt":"2022-10-20T04:11:44","guid":{"rendered":"https:\/\/stage.mx.havas.com\/contact-us\/"},"modified":"2023-08-03T11:05:05","modified_gmt":"2023-08-03T11:05:05","slug":"contacto","status":"publish","type":"page","link":"https:\/\/mx.havas.com\/es\/contacto\/","title":{"rendered":"Contacto"},"content":{"rendered":"","protected":false},"excerpt":{"rendered":"","protected":false},"author":1,"featured_media":0,"parent":0,"menu_order":0,"comment_status":"closed","ping_status":"closed","template":"template_contact.php","meta":{"footnotes":""},"class_list":["post-583","page","type-page","status-publish","hentry","entry"],"yoast_head":"<!-- This site is optimized with the Yoast SEO plugin v27.2 - https:\/\/yoast.com\/product\/yoast-seo-wordpress\/ -->\n<title>HAVAS GROUP MEXICO<\/title>\n<meta name=\"description\" content=\"Havas Village es un modelo \u00e1gil, flexible y colaborativo: creatividad, medios de comunicaci\u00f3n y salud, todo bajo el mismo techo. Nuestra filosof\u00eda consiste en trabajar juntos sin fisuras, creando equipos en torno a las necesidades de nuestros clientes y no a las nuestras. Operamos con una visi\u00f3n y forma de trabajar compartida bajo una sola cuenta de resultados.Nuestra misi\u00f3n en Havas: Marcar una diferencia significativa en las marcas, los negocios y las vidas de las personas con las que trabajamos.\" \/>\n<meta name=\"robots\" content=\"index, follow, max-snippet:-1, max-image-preview:large, max-video-preview:-1\" \/>\n<link rel=\"canonical\" href=\"https:\/\/mx.havas.com\/es\/contacto\/\" \/>\n<meta property=\"og:locale\" content=\"es_ES\" \/>\n<meta property=\"og:type\" content=\"article\" \/>\n<meta property=\"og:title\" content=\"HAVAS GROUP MEXICO\" \/>\n<meta property=\"og:description\" content=\"Havas Village es un modelo \u00e1gil, flexible y colaborativo: creatividad, medios de comunicaci\u00f3n y salud, todo bajo el mismo techo. Nuestra filosof\u00eda consiste en trabajar juntos sin fisuras, creando equipos en torno a las necesidades de nuestros clientes y no a las nuestras. Operamos con una visi\u00f3n y forma de trabajar compartida bajo una sola cuenta de resultados.Nuestra misi\u00f3n en Havas: Marcar una diferencia significativa en las marcas, los negocios y las vidas de las personas con las que trabajamos.\" \/>\n<meta property=\"og:url\" content=\"https:\/\/mx.havas.com\/es\/contacto\/\" \/>\n<meta property=\"og:site_name\" content=\"Havas Mexico\" \/>\n<meta property=\"article:modified_time\" content=\"2023-08-03T11:05:05+00:00\" \/>\n<meta name=\"twitter:card\" content=\"summary_large_image\" \/>\n<script type=\"application\/ld+json\" class=\"yoast-schema-graph\">{\"@context\":\"https:\/\/schema.org\",\"@graph\":[{\"@type\":\"WebPage\",\"@id\":\"https:\/\/mx.havas.com\/es\/contacto\/\",\"url\":\"https:\/\/mx.havas.com\/es\/contacto\/\",\"name\":\"HAVAS GROUP MEXICO\",\"isPartOf\":{\"@id\":\"https:\/\/mx.havas.com\/#website\"},\"datePublished\":\"2022-10-20T04:11:44+00:00\",\"dateModified\":\"2023-08-03T11:05:05+00:00\",\"description\":\"Havas Village es un modelo \u00e1gil, flexible y colaborativo: creatividad, medios de comunicaci\u00f3n y salud, todo bajo el mismo techo. Nuestra filosof\u00eda consiste en trabajar juntos sin fisuras, creando equipos en torno a las necesidades de nuestros clientes y no a las nuestras. Operamos con una visi\u00f3n y forma de trabajar compartida bajo una sola cuenta de resultados.Nuestra misi\u00f3n en Havas: Marcar una diferencia significativa en las marcas, los negocios y las vidas de las personas con las que trabajamos.\",\"breadcrumb\":{\"@id\":\"https:\/\/mx.havas.com\/es\/contacto\/#breadcrumb\"},\"inLanguage\":\"es-ES\",\"potentialAction\":[{\"@type\":\"ReadAction\",\"target\":[\"https:\/\/mx.havas.com\/es\/contacto\/\"]}]},{\"@type\":\"BreadcrumbList\",\"@id\":\"https:\/\/mx.havas.com\/es\/contacto\/#breadcrumb\",\"itemListElement\":[{\"@type\":\"ListItem\",\"position\":1,\"name\":\"Home\",\"item\":\"https:\/\/mx.havas.com\/es\/\"},{\"@type\":\"ListItem\",\"position\":2,\"name\":\"Contacto\"}]},{\"@type\":\"WebSite\",\"@id\":\"https:\/\/mx.havas.com\/#website\",\"url\":\"https:\/\/mx.havas.com\/\",\"name\":\"Havas Mexico\",\"description\":\"Just another Havas Village Sites site\",\"publisher\":{\"@id\":\"https:\/\/mx.havas.com\/#organization\"},\"potentialAction\":[{\"@type\":\"SearchAction\",\"target\":{\"@type\":\"EntryPoint\",\"urlTemplate\":\"https:\/\/mx.havas.com\/?s={search_term_string}\"},\"query-input\":{\"@type\":\"PropertyValueSpecification\",\"valueRequired\":true,\"valueName\":\"search_term_string\"}}],\"inLanguage\":\"es-ES\"},{\"@type\":\"Organization\",\"@id\":\"https:\/\/mx.havas.com\/#organization\",\"name\":\"Havas Mexico\",\"url\":\"https:\/\/mx.havas.com\/\",\"logo\":{\"@type\":\"ImageObject\",\"inLanguage\":\"es-ES\",\"@id\":\"https:\/\/mx.havas.com\/#\/schema\/logo\/image\/\",\"url\":\"https:\/\/mx.havas.com\/wp-content\/uploads\/2022\/10\/B_HHOME.jpg\",\"contentUrl\":\"https:\/\/mx.havas.com\/wp-content\/uploads\/2022\/10\/B_HHOME.jpg\",\"width\":1920,\"height\":1080,\"caption\":\"Havas Mexico\"},\"image\":{\"@id\":\"https:\/\/mx.havas.com\/#\/schema\/logo\/image\/\"}}]}<\/script>\n<!-- \/ Yoast SEO plugin. -->","yoast_head_json":{"title":"HAVAS GROUP MEXICO","description":"Havas Village es un modelo \u00e1gil, flexible y colaborativo: creatividad, medios de comunicaci\u00f3n y salud, todo bajo el mismo techo. Nuestra filosof\u00eda consiste en trabajar juntos sin fisuras, creando equipos en torno a las necesidades de nuestros clientes y no a las nuestras. Operamos con una visi\u00f3n y forma de trabajar compartida bajo una sola cuenta de resultados.Nuestra misi\u00f3n en Havas: Marcar una diferencia significativa en las marcas, los negocios y las vidas de las personas con las que trabajamos.","robots":{"index":"index","follow":"follow","max-snippet":"max-snippet:-1","max-image-preview":"max-image-preview:large","max-video-preview":"max-video-preview:-1"},"canonical":"https:\/\/mx.havas.com\/es\/contacto\/","og_locale":"es_ES","og_type":"article","og_title":"HAVAS GROUP MEXICO","og_description":"Havas Village es un modelo \u00e1gil, flexible y colaborativo: creatividad, medios de comunicaci\u00f3n y salud, todo bajo el mismo techo. Nuestra filosof\u00eda consiste en trabajar juntos sin fisuras, creando equipos en torno a las necesidades de nuestros clientes y no a las nuestras. Operamos con una visi\u00f3n y forma de trabajar compartida bajo una sola cuenta de resultados.Nuestra misi\u00f3n en Havas: Marcar una diferencia significativa en las marcas, los negocios y las vidas de las personas con las que trabajamos.","og_url":"https:\/\/mx.havas.com\/es\/contacto\/","og_site_name":"Havas Mexico","article_modified_time":"2023-08-03T11:05:05+00:00","twitter_card":"summary_large_image","schema":{"@context":"https:\/\/schema.org","@graph":[{"@type":"WebPage","@id":"https:\/\/mx.havas.com\/es\/contacto\/","url":"https:\/\/mx.havas.com\/es\/contacto\/","name":"HAVAS GROUP MEXICO","isPartOf":{"@id":"https:\/\/mx.havas.com\/#website"},"datePublished":"2022-10-20T04:11:44+00:00","dateModified":"2023-08-03T11:05:05+00:00","description":"Havas Village es un modelo \u00e1gil, flexible y colaborativo: creatividad, medios de comunicaci\u00f3n y salud, todo bajo el mismo techo. Nuestra filosof\u00eda consiste en trabajar juntos sin fisuras, creando equipos en torno a las necesidades de nuestros clientes y no a las nuestras. Operamos con una visi\u00f3n y forma de trabajar compartida bajo una sola cuenta de resultados.Nuestra misi\u00f3n en Havas: Marcar una diferencia significativa en las marcas, los negocios y las vidas de las personas con las que trabajamos.","breadcrumb":{"@id":"https:\/\/mx.havas.com\/es\/contacto\/#breadcrumb"},"inLanguage":"es-ES","potentialAction":[{"@type":"ReadAction","target":["https:\/\/mx.havas.com\/es\/contacto\/"]}]},{"@type":"BreadcrumbList","@id":"https:\/\/mx.havas.com\/es\/contacto\/#breadcrumb","itemListElement":[{"@type":"ListItem","position":1,"name":"Home","item":"https:\/\/mx.havas.com\/es\/"},{"@type":"ListItem","position":2,"name":"Contacto"}]},{"@type":"WebSite","@id":"https:\/\/mx.havas.com\/#website","url":"https:\/\/mx.havas.com\/","name":"Havas Mexico","description":"Just another Havas Village Sites site","publisher":{"@id":"https:\/\/mx.havas.com\/#organization"},"potentialAction":[{"@type":"SearchAction","target":{"@type":"EntryPoint","urlTemplate":"https:\/\/mx.havas.com\/?s={search_term_string}"},"query-input":{"@type":"PropertyValueSpecification","valueRequired":true,"valueName":"search_term_string"}}],"inLanguage":"es-ES"},{"@type":"Organization","@id":"https:\/\/mx.havas.com\/#organization","name":"Havas Mexico","url":"https:\/\/mx.havas.com\/","logo":{"@type":"ImageObject","inLanguage":"es-ES","@id":"https:\/\/mx.havas.com\/#\/schema\/logo\/image\/","url":"https:\/\/mx.havas.com\/wp-content\/uploads\/2022\/10\/B_HHOME.jpg","contentUrl":"https:\/\/mx.havas.com\/wp-content\/uploads\/2022\/10\/B_HHOME.jpg","width":1920,"height":1080,"caption":"Havas Mexico"},"image":{"@id":"https:\/\/mx.havas.com\/#\/schema\/logo\/image\/"}}]}},"_links":{"self":[{"href":"https:\/\/mx.havas.com\/es\/wp-json\/wp\/v2\/pages\/583","targetHints":{"allow":["GET"]}}],"collection":[{"href":"https:\/\/mx.havas.com\/es\/wp-json\/wp\/v2\/pages"}],"about":[{"href":"https:\/\/mx.havas.com\/es\/wp-json\/wp\/v2\/types\/page"}],"author":[{"embeddable":true,"href":"https:\/\/mx.havas.com\/es\/wp-json\/wp\/v2\/users\/1"}],"replies":[{"embeddable":true,"href":"https:\/\/mx.havas.com\/es\/wp-json\/wp\/v2\/comments?post=583"}],"version-history":[{"count":0,"href":"https:\/\/mx.havas.com\/es\/wp-json\/wp\/v2\/pages\/583\/revisions"}],"wp:attachment":[{"href":"https:\/\/mx.havas.com\/es\/wp-json\/wp\/v2\/media?parent=583"}],"curies":[{"name":"wp","href":"https:\/\/api.w.org\/{rel}","templated":true}]}}