{"id":1715,"date":"2025-06-24T20:52:35","date_gmt":"2025-06-24T20:52:35","guid":{"rendered":"https:\/\/stage.mx.havas.com\/?page_id=1715"},"modified":"2025-06-25T18:09:13","modified_gmt":"2025-06-25T18:09:13","slug":"information-security-policy","status":"publish","type":"page","link":"https:\/\/mx.havas.com\/es\/information-security-policy\/","title":{"rendered":"POL\u00cdTICA DE SEGURIDAD DE LA INFORMACI\u00d3N"},"content":{"rendered":"<div class=\"container -content\">\n<h1>POL\u00cdTICA DE SEGURIDAD DE LA INFORMACI\u00d3N<\/h1>\n<p>Havas, red global de comunicaci\u00f3n y marketing, define como alcance de esta pol\u00edtica los sistemas que dan soporte a los procesos de Brief, Estrategia, Plan T\u00e1ctico, Compra, Seguimiento \/ Optimizaci\u00f3n y Cierre tanto para entornos f\u00edsicos como nubes privadas y p\u00fablicas, y el tratamiento de datos de car\u00e1cter personal en nubes p\u00fablicas, seg\u00fan la declaraci\u00f3n de aplicabilidad en vigor.<\/p>\n<p>Havas dispone de una <strong>Pol\u00edtica de Seguridad<\/strong> que consiste en asegurar la adecuada protecci\u00f3n, confidencialidad, integridad y disponibilidad de todos los documentos y datos necesarios en las operaciones de la compa\u00f1\u00eda, con especial \u00e9nfasis en aquellos que contienen informaci\u00f3n de car\u00e1cter personal, financiera, de clientes y de procesos.<\/p>\n<p>Los principios clave para poder llevar a cabo la pol\u00edtica de seguridad son:<\/p>\n<ol>\n<li>Havas <strong>registra<\/strong> y da un <strong>tratamiento especial<\/strong> a todos los archivos que contengan nombres particulares, contactos de clientes y empleados, as\u00ed como aquellos que relacionan nombres de personas con datos sobre las mismas, de acuerdo a la legislaci\u00f3n vigente en relaci\u00f3n con datos de car\u00e1cter personal.<\/li>\n<li>Havas dispone de los <strong>recursos y controles necesarios<\/strong> para garantizar la absoluta confidencialidad de los datos de los clientes y del resguardo de los mismos.<\/li>\n<li>Havas guarda un <strong>especial cuidado con los datos<\/strong> en todos los procesos, desde su recepci\u00f3n, tratamiento y almacenamiento, incluyendo el adecuado control de riesgos, inventarios y accesos, tanto a nivel f\u00edsico como electr\u00f3nico, de acuerdo a los procedimientos de seguridad de la compa\u00f1\u00eda, a la confidencialidad que requieren los clientes y a las normativas internacionales relacionadas con los requisitos y las buenas pr\u00e1cticas para la gesti\u00f3n de la seguridad de la informaci\u00f3n.<\/li>\n<li>Havas tiene implementado un <strong>sistema de gesti\u00f3n de la seguridad de la informaci\u00f3n<\/strong> y de los datos (SGSI), que cuenta con el total compromiso de la direcci\u00f3n y que es de obligado cumplimiento por todas las personas que formamos la compa\u00f1\u00eda.<\/li>\n<\/ol>\n<p>\u00a0<\/p>\n<p><img loading=\"lazy\" decoding=\"async\" class=\"alignnone size-full wp-image-1712\" src=\"https:\/\/mx.havas.com\/wp-content\/uploads\/2025\/06\/JDSing.png\" alt=\"\" width=\"167\" height=\"55\" \/><\/p>\n<p>Juan Diez<\/p>\n<p><em>Chief Executive Officer &#8211; M\u00e9xico<\/em><\/p>\n<p><em>\u00a0<\/em><\/p>\n<p><em>Pol\u00edtica aprobada: 13\/12\/2024<\/em><\/p>\n<p><em>Versi\u00f3n 1.0<\/em><\/p>\n<p>\u00a0<\/p>\n<p>\u00a0<\/p>\n<\/div>\n\n\n<p><\/p>\n","protected":false},"excerpt":{"rendered":"<p>POL\u00cdTICA DE SEGURIDAD DE LA INFORMACI\u00d3N Havas, red global de comunicaci\u00f3n y marketing, define como alcance de esta pol\u00edtica los sistemas que dan soporte a los procesos de Brief, Estrategia, Plan T\u00e1ctico, Compra, Seguimiento \/ Optimizaci\u00f3n y Cierre tanto para entornos f\u00edsicos como nubes privadas y p\u00fablicas, y el tratamiento de datos de car\u00e1cter personal [&hellip;]<\/p>\n","protected":false},"author":6,"featured_media":0,"parent":0,"menu_order":0,"comment_status":"closed","ping_status":"closed","template":"","meta":{"footnotes":""},"class_list":["post-1715","page","type-page","status-publish","hentry","entry"],"yoast_head":"<!-- This site is optimized with the Yoast SEO plugin v27.5 - https:\/\/yoast.com\/product\/yoast-seo-wordpress\/ -->\n<title>POL\u00cdTICA DE SEGURIDAD DE LA INFORMACI\u00d3N - Havas Mexico<\/title>\n<meta name=\"robots\" content=\"index, follow, max-snippet:-1, max-image-preview:large, max-video-preview:-1\" \/>\n<link rel=\"canonical\" href=\"https:\/\/mx.havas.com\/es\/information-security-policy\/\" \/>\n<meta property=\"og:locale\" content=\"es_ES\" \/>\n<meta property=\"og:type\" content=\"article\" \/>\n<meta property=\"og:title\" content=\"POL\u00cdTICA DE SEGURIDAD DE LA INFORMACI\u00d3N - Havas Mexico\" \/>\n<meta property=\"og:description\" content=\"POL\u00cdTICA DE SEGURIDAD DE LA INFORMACI\u00d3N Havas, red global de comunicaci\u00f3n y marketing, define como alcance de esta pol\u00edtica los sistemas que dan soporte a los procesos de Brief, Estrategia, Plan T\u00e1ctico, Compra, Seguimiento \/ Optimizaci\u00f3n y Cierre tanto para entornos f\u00edsicos como nubes privadas y p\u00fablicas, y el tratamiento de datos de car\u00e1cter personal [&hellip;]\" \/>\n<meta property=\"og:url\" content=\"https:\/\/mx.havas.com\/es\/information-security-policy\/\" \/>\n<meta property=\"og:site_name\" content=\"Havas Mexico\" \/>\n<meta property=\"article:modified_time\" content=\"2025-06-25T18:09:13+00:00\" \/>\n<meta property=\"og:image\" content=\"https:\/\/mx.havas.com\/wp-content\/uploads\/2025\/06\/JDSing.png\" \/>\n<meta name=\"twitter:card\" content=\"summary_large_image\" \/>\n<meta name=\"twitter:label1\" content=\"Est. reading time\" \/>\n\t<meta name=\"twitter:data1\" content=\"2 minutes\" \/>\n<script type=\"application\/ld+json\" class=\"yoast-schema-graph\">{\"@context\":\"https:\\\/\\\/schema.org\",\"@graph\":[{\"@type\":\"WebPage\",\"@id\":\"https:\\\/\\\/mx.havas.com\\\/es\\\/information-security-policy\\\/\",\"url\":\"https:\\\/\\\/mx.havas.com\\\/es\\\/information-security-policy\\\/\",\"name\":\"POL\u00cdTICA DE SEGURIDAD DE LA INFORMACI\u00d3N - Havas Mexico\",\"isPartOf\":{\"@id\":\"https:\\\/\\\/mx.havas.com\\\/#website\"},\"primaryImageOfPage\":{\"@id\":\"https:\\\/\\\/mx.havas.com\\\/es\\\/information-security-policy\\\/#primaryimage\"},\"image\":{\"@id\":\"https:\\\/\\\/mx.havas.com\\\/es\\\/information-security-policy\\\/#primaryimage\"},\"thumbnailUrl\":\"https:\\\/\\\/mx.havas.com\\\/wp-content\\\/uploads\\\/2025\\\/06\\\/JDSing.png\",\"datePublished\":\"2025-06-24T20:52:35+00:00\",\"dateModified\":\"2025-06-25T18:09:13+00:00\",\"breadcrumb\":{\"@id\":\"https:\\\/\\\/mx.havas.com\\\/es\\\/information-security-policy\\\/#breadcrumb\"},\"inLanguage\":\"es-ES\",\"potentialAction\":[{\"@type\":\"ReadAction\",\"target\":[\"https:\\\/\\\/mx.havas.com\\\/es\\\/information-security-policy\\\/\"]}]},{\"@type\":\"ImageObject\",\"inLanguage\":\"es-ES\",\"@id\":\"https:\\\/\\\/mx.havas.com\\\/es\\\/information-security-policy\\\/#primaryimage\",\"url\":\"https:\\\/\\\/mx.havas.com\\\/wp-content\\\/uploads\\\/2025\\\/06\\\/JDSing.png\",\"contentUrl\":\"https:\\\/\\\/mx.havas.com\\\/wp-content\\\/uploads\\\/2025\\\/06\\\/JDSing.png\"},{\"@type\":\"BreadcrumbList\",\"@id\":\"https:\\\/\\\/mx.havas.com\\\/es\\\/information-security-policy\\\/#breadcrumb\",\"itemListElement\":[{\"@type\":\"ListItem\",\"position\":1,\"name\":\"Home\",\"item\":\"https:\\\/\\\/mx.havas.com\\\/es\\\/\"},{\"@type\":\"ListItem\",\"position\":2,\"name\":\"POL\u00cdTICA DE SEGURIDAD DE LA INFORMACI\u00d3N\"}]},{\"@type\":\"WebSite\",\"@id\":\"https:\\\/\\\/mx.havas.com\\\/#website\",\"url\":\"https:\\\/\\\/mx.havas.com\\\/\",\"name\":\"Havas Mexico\",\"description\":\"Just another Havas Village Sites site\",\"publisher\":{\"@id\":\"https:\\\/\\\/mx.havas.com\\\/#organization\"},\"potentialAction\":[{\"@type\":\"SearchAction\",\"target\":{\"@type\":\"EntryPoint\",\"urlTemplate\":\"https:\\\/\\\/mx.havas.com\\\/?s={search_term_string}\"},\"query-input\":{\"@type\":\"PropertyValueSpecification\",\"valueRequired\":true,\"valueName\":\"search_term_string\"}}],\"inLanguage\":\"es-ES\"},{\"@type\":\"Organization\",\"@id\":\"https:\\\/\\\/mx.havas.com\\\/#organization\",\"name\":\"Havas Mexico\",\"url\":\"https:\\\/\\\/mx.havas.com\\\/\",\"logo\":{\"@type\":\"ImageObject\",\"inLanguage\":\"es-ES\",\"@id\":\"https:\\\/\\\/mx.havas.com\\\/#\\\/schema\\\/logo\\\/image\\\/\",\"url\":\"https:\\\/\\\/mx.havas.com\\\/wp-content\\\/uploads\\\/2022\\\/10\\\/B_HHOME.jpg\",\"contentUrl\":\"https:\\\/\\\/mx.havas.com\\\/wp-content\\\/uploads\\\/2022\\\/10\\\/B_HHOME.jpg\",\"width\":1920,\"height\":1080,\"caption\":\"Havas Mexico\"},\"image\":{\"@id\":\"https:\\\/\\\/mx.havas.com\\\/#\\\/schema\\\/logo\\\/image\\\/\"}}]}<\/script>\n<!-- \/ Yoast SEO plugin. -->","yoast_head_json":{"title":"POL\u00cdTICA DE SEGURIDAD DE LA INFORMACI\u00d3N - Havas Mexico","robots":{"index":"index","follow":"follow","max-snippet":"max-snippet:-1","max-image-preview":"max-image-preview:large","max-video-preview":"max-video-preview:-1"},"canonical":"https:\/\/mx.havas.com\/es\/information-security-policy\/","og_locale":"es_ES","og_type":"article","og_title":"POL\u00cdTICA DE SEGURIDAD DE LA INFORMACI\u00d3N - Havas Mexico","og_description":"POL\u00cdTICA DE SEGURIDAD DE LA INFORMACI\u00d3N Havas, red global de comunicaci\u00f3n y marketing, define como alcance de esta pol\u00edtica los sistemas que dan soporte a los procesos de Brief, Estrategia, Plan T\u00e1ctico, Compra, Seguimiento \/ Optimizaci\u00f3n y Cierre tanto para entornos f\u00edsicos como nubes privadas y p\u00fablicas, y el tratamiento de datos de car\u00e1cter personal [&hellip;]","og_url":"https:\/\/mx.havas.com\/es\/information-security-policy\/","og_site_name":"Havas Mexico","article_modified_time":"2025-06-25T18:09:13+00:00","og_image":[{"url":"https:\/\/mx.havas.com\/wp-content\/uploads\/2025\/06\/JDSing.png","type":"","width":"","height":""}],"twitter_card":"summary_large_image","twitter_misc":{"Est. reading time":"2 minutes"},"schema":{"@context":"https:\/\/schema.org","@graph":[{"@type":"WebPage","@id":"https:\/\/mx.havas.com\/es\/information-security-policy\/","url":"https:\/\/mx.havas.com\/es\/information-security-policy\/","name":"POL\u00cdTICA DE SEGURIDAD DE LA INFORMACI\u00d3N - Havas Mexico","isPartOf":{"@id":"https:\/\/mx.havas.com\/#website"},"primaryImageOfPage":{"@id":"https:\/\/mx.havas.com\/es\/information-security-policy\/#primaryimage"},"image":{"@id":"https:\/\/mx.havas.com\/es\/information-security-policy\/#primaryimage"},"thumbnailUrl":"https:\/\/mx.havas.com\/wp-content\/uploads\/2025\/06\/JDSing.png","datePublished":"2025-06-24T20:52:35+00:00","dateModified":"2025-06-25T18:09:13+00:00","breadcrumb":{"@id":"https:\/\/mx.havas.com\/es\/information-security-policy\/#breadcrumb"},"inLanguage":"es-ES","potentialAction":[{"@type":"ReadAction","target":["https:\/\/mx.havas.com\/es\/information-security-policy\/"]}]},{"@type":"ImageObject","inLanguage":"es-ES","@id":"https:\/\/mx.havas.com\/es\/information-security-policy\/#primaryimage","url":"https:\/\/mx.havas.com\/wp-content\/uploads\/2025\/06\/JDSing.png","contentUrl":"https:\/\/mx.havas.com\/wp-content\/uploads\/2025\/06\/JDSing.png"},{"@type":"BreadcrumbList","@id":"https:\/\/mx.havas.com\/es\/information-security-policy\/#breadcrumb","itemListElement":[{"@type":"ListItem","position":1,"name":"Home","item":"https:\/\/mx.havas.com\/es\/"},{"@type":"ListItem","position":2,"name":"POL\u00cdTICA DE SEGURIDAD DE LA INFORMACI\u00d3N"}]},{"@type":"WebSite","@id":"https:\/\/mx.havas.com\/#website","url":"https:\/\/mx.havas.com\/","name":"Havas Mexico","description":"Just another Havas Village Sites site","publisher":{"@id":"https:\/\/mx.havas.com\/#organization"},"potentialAction":[{"@type":"SearchAction","target":{"@type":"EntryPoint","urlTemplate":"https:\/\/mx.havas.com\/?s={search_term_string}"},"query-input":{"@type":"PropertyValueSpecification","valueRequired":true,"valueName":"search_term_string"}}],"inLanguage":"es-ES"},{"@type":"Organization","@id":"https:\/\/mx.havas.com\/#organization","name":"Havas Mexico","url":"https:\/\/mx.havas.com\/","logo":{"@type":"ImageObject","inLanguage":"es-ES","@id":"https:\/\/mx.havas.com\/#\/schema\/logo\/image\/","url":"https:\/\/mx.havas.com\/wp-content\/uploads\/2022\/10\/B_HHOME.jpg","contentUrl":"https:\/\/mx.havas.com\/wp-content\/uploads\/2022\/10\/B_HHOME.jpg","width":1920,"height":1080,"caption":"Havas Mexico"},"image":{"@id":"https:\/\/mx.havas.com\/#\/schema\/logo\/image\/"}}]}},"_links":{"self":[{"href":"https:\/\/mx.havas.com\/es\/wp-json\/wp\/v2\/pages\/1715","targetHints":{"allow":["GET"]}}],"collection":[{"href":"https:\/\/mx.havas.com\/es\/wp-json\/wp\/v2\/pages"}],"about":[{"href":"https:\/\/mx.havas.com\/es\/wp-json\/wp\/v2\/types\/page"}],"author":[{"embeddable":true,"href":"https:\/\/mx.havas.com\/es\/wp-json\/wp\/v2\/users\/6"}],"replies":[{"embeddable":true,"href":"https:\/\/mx.havas.com\/es\/wp-json\/wp\/v2\/comments?post=1715"}],"version-history":[{"count":0,"href":"https:\/\/mx.havas.com\/es\/wp-json\/wp\/v2\/pages\/1715\/revisions"}],"wp:attachment":[{"href":"https:\/\/mx.havas.com\/es\/wp-json\/wp\/v2\/media?parent=1715"}],"curies":[{"name":"wp","href":"https:\/\/api.w.org\/{rel}","templated":true}]}}