{"id":1706,"date":"2025-06-24T20:22:55","date_gmt":"2025-06-24T20:22:55","guid":{"rendered":"https:\/\/stage.mx.havas.com\/cookie-policy\/"},"modified":"2025-06-25T18:09:51","modified_gmt":"2025-06-25T18:09:51","slug":"cookie-policy","status":"publish","type":"page","link":"https:\/\/mx.havas.com\/es\/cookie-policy\/","title":{"rendered":"POL\u00cdTICA DE COOKIES"},"content":{"rendered":"<div class=\"container -content\">\n<h1>POL\u00cdTICA DE COOKIES<\/h1>\n<p>Cuando usted visita nuestro sitio <a href=\"https:\/\/mx.havas.com\">https:\/\/mx.havas.com<\/a>, algunas cookies u otras tecnolog\u00edas de rastreo podr\u00e1n almacenarse en su dispositivo (computadora, tableta o smartphone).<\/p>\n<p>Esta Pol\u00edtica de Cookies contiene informaci\u00f3n sobre qu\u00e9 son las cookies, el tipo de cookies utilizado por el Grupo Havas en el sitio <a href=\"https:\/\/mx.havas.com\">https:\/\/mx.havas.com<\/a> y el prop\u00f3sito de dicho uso, y sus opciones con respecto a estas cookies.<\/p>\n<p>Esta Pol\u00edtica de Cookies deber\u00e1 leerse en conjunto con la <a href=\"https:\/\/mx.havas.com\/es\/privacy-policy\/\">Pol\u00edtica de Privacidad<\/a> \u00a0y los T\u00e9rminos de Uso del Grupo Havas.<\/p>\n<h2><strong>\u00bfQU\u00c9 SON LAS COOKIES Y OTRAS TECNOLOG\u00cdAS DE RASTREO?<\/strong><\/h2>\n<p>Las cookies son peque\u00f1os archivos de texto que contienen una cantidad de datos generados cuando usted navega un sitio y que se instalan en su navegador de internet. Las otras tecnolog\u00edas de rastreo, tales como los contadores de visitas, pixeles o gifs transparentes, funcionan de manera similar a las cookies.<\/p>\n<p>Las cookies y otras tecnolog\u00edas de rastreo se utilizan para monitorear su actividad en un sitio web al permitir la recolecci\u00f3n, por nosotros (mediante las cookies de origen) o por terceros (mediante cookies de terceros), de informaci\u00f3n sobre c\u00f3mo utiliza usted el sitio y as\u00ed mejorar la manera en que funciona y su visita a nuestro sitio.<\/p>\n<p>Existen dos tipos de cookies: las cookies de sesi\u00f3n y las cookies persistentes.<\/p>\n<ul>\n<li>Las cookies de sesi\u00f3n son temporales y, por lo tanto, se eliminan autom\u00e1ticamente de su dispositivo cada vez que usted cierra el navegador.<\/li>\n<li>Las cookies persistentes permanecen en su dispositivo durante un tiempo especificado en cada cookie y se activan cada vez que usted visita el sitio que las haya instalado.<\/li>\n<\/ul>\n<h2><strong>\u00bfQU\u00c9 TIPO DE COOKIES UTILIZAMOS Y PARA QU\u00c9 FINES?<\/strong><\/h2>\n<p>Cuando usted navega en nuestro sitio, utilizamos los siguientes tipos de cookies:<\/p>\n<ol>\n<li>\n<h4><u>Cookies estrictamente necesarias<\/u><\/h4>\n<\/li>\n<\/ol>\n<p>Estas cookies son necesarias para la operaci\u00f3n adecuada de los servicios que se proporcionan en el sitio.<\/p>\n<p>Se utilizan para proporcionar las funciones b\u00e1sicas del sitio, como [<em>recordar la informaci\u00f3n ingresada en un formato o permitirle tener acceso a su cuenta personal<\/em>].<\/p>\n<p>Si usted deshabilita estas cookies, no podr\u00e1 ya utilizar estas funciones y la eficiencia del sitio podr\u00e1 dejar de funcionar al nivel al que deber\u00eda.<\/p>\n<ol start=\"2\">\n<li>\n<h4><u>Cookies de desempe\u00f1o<\/u><\/h4>\n<\/li>\n<\/ol>\n<p>Estas cookies se utilizan para recolectar datos an\u00f3nimos para fines estad\u00edsticos. Nos permiten medir la audiencia en el sitio y analizar la manera en la que los visitantes navegan en el sitio (n\u00famero de visitantes en el sitio, n\u00famero de visitas por p\u00e1gina, el tiempo invertido en cada p\u00e1gina, las \u00e1reas en donde haya <em>clicks<\/em>, la medida de la efectividad de la publicidad\u2026).<\/p>\n<p>Tambi\u00e9n se utilizan para detectar fallos en el navegador o cualquier otra dificultad.<\/p>\n<p>Estas cookies nos ayudan a mejorar nuestro sitio y su experiencia de navegaci\u00f3n.<\/p>\n<ol start=\"3\">\n<li>\n<h4><u>Cookies de personalizaci\u00f3n o funcionalidad<\/u><\/h4>\n<\/li>\n<\/ol>\n<p>Estas cookies se utilizan para recordar sus opciones, configuraciones y preferencias de contenido en el sitio [<em>como su nombre de usuario, idioma, regi\u00f3n, zona horaria, selecci\u00f3n de personalizaci\u00f3n\u2026<\/em>] y ofrecerle una experiencia de navegaci\u00f3n personalizada al adaptar el contenido del sitio a usted.<\/p>\n<p>Si usted deshabilita estas cookies, ya no podremos ofrecerle algunas funciones y algunas p\u00e1ginas del sitio podr\u00e1n dejar de funcionar adecuadamente.<\/p>\n<ol start=\"4\">\n<li>\n<h4><u>Cookies de preferencias o publicidad<\/u><\/h4>\n<\/li>\n<\/ol>\n<p>Estas cookies se utilizan para adaptar la publicidad a sus preferencias y volverla m\u00e1s relevante. Pueden tambi\u00e9n limitar la cantidad de tiempo que usted ve una publicidad, aunque no limitar\u00e1n el n\u00famero de anuncios publicitarios que vea.<\/p>\n<p>Algunas de estas cookies las instalamos nosotros y usted puede modificar sus configuraciones de cookies en todo momento como se muestra m\u00e1s adelante.<\/p>\n<p>Algunas cookies de marketing y de publicidad tambi\u00e9n podr\u00e1n aparecer en su navegador por parte de terceros.<\/p>\n<ol start=\"5\">\n<li>\n<h4><u>Cookies de terceros<\/u><\/h4>\n<\/li>\n<\/ol>\n<p>En algunos casos, utilizamos terceros para manejar nuestras cookies.<\/p>\n<p>Los terceros tambi\u00e9n podr\u00e1n utilizar sus propias cookies u otras tecnolog\u00edas de rastreo para recopilar informaci\u00f3n sobre su actividad en el sitio, en particular para proporcionarle anuncios publicitarios personalizados en sus propios sitios de internet.<\/p>\n<p>Algunas cookies de redes sociales tambi\u00e9n se podr\u00e1n instalar en su dispositivo para permitirle interactuar en las redes sociales, como Facebook o Twitter.<\/p>\n<p>No estamos involucrados de ninguna manera en la implementaci\u00f3n y funcionalidad de dichas cookies y no tenemos acceso o control sobre dichas cookies de terceros. Estas cookies est\u00e1n sujetas a sus propias pol\u00edticas de cookies, las cuales est\u00e1n disponibles en cada sitio web del tercero y a los cuales le invitamos a referirse.<\/p>\n<p>Por lo tanto, no somos responsables de los datos recopilados por estas cookies y no podemos proporcionarle m\u00e1s informaci\u00f3n con respecto a la naturaleza de la informaci\u00f3n que recopilan estas cookies de terceros.<\/p>\n<h2><strong>SUS OPCIONES CON RESPECTO A LAS COOKIES<\/strong><\/h2>\n<p>Tiene usted varias opciones para controlar o limitar c\u00f3mo utilizamos, o c\u00f3mo utilizan los terceros, las cookies:<\/p>\n<ul>\n<li>Puede optar por eliminar todas o algunas de las cookies de su dispositivo mediante sus configuraciones de navegador;<\/li>\n<li>Puede optar por impedir la instalaci\u00f3n de cookies en su dispositivo mediante sus configuraciones de navegador;<\/li>\n<li>Puede habilitar o deshabilitar las cookies que utilizamos directamente en nuestro sitio aqu\u00ed:<\/li>\n<\/ul>\n<p>Para aprender m\u00e1s sobre c\u00f3mo manejamos el uso de cookies en su navegador, utilice los siguientes enlaces para cada navegador:<\/p>\n<ul>\n<li>Microsoft Edge: <a href=\"https:\/\/support.microsoft.com\/es-es\/windows\/administrar-cookies-en-microsoft-edge-ver-permitir-bloquear-eliminar-y-usar-168dab11-0753-043d-7c16-ede5947fc64d\">Administrar cookies en Microsoft Edge: ver, permitir, bloquear, eliminar y usar &#8211; Soporte t\u00e9cnico de Microsoft<\/a><\/li>\n<li>Chrome: <a href=\"https:\/\/support.google.com\/chrome\/answer\/95647?hl=es&amp;co=GENIE.Platform%3DDesktop\">Eliminar, permitir y gestionar cookies en Chrome &#8211; Ordenador &#8211; Ayuda de Google Chrome<\/a><\/li>\n<li>Safari: <a href=\"https:\/\/help.apple.com\/safari\/mac\/10.0\/es.lproj\/sfri11471.html\">Gestionar cookies y datos de sitios web con Safari<\/a><\/li>\n<li>Mozilla Firefox: <a href=\"https:\/\/www.mozilla.org\/es-ES\/privacy\/websites\/cookie-settings\/\">Ajustes de cookies \u2014 Mozilla<\/a><\/li>\n<li>Opera: <a href=\"https:\/\/help.opera.com\/en\/?s=cookies&amp;product=latest\">You searched for cookies &#8211; Opera Help<\/a><\/li>\n<\/ul>\n<p>Recuerde que si usted elige bloquear o desactivar algunas o todas las cookies que utilizamos, nuestro sitio podr\u00e1 dejar de funcionar adecuadamente y es posible que usted no pueda disfrutar todos los servicios y funciones que se proporcionan mediante el uso de las cookies.<\/p>\n<p>Si usted desea saber m\u00e1s sobre las cookies y c\u00f3mo manejarlas, visite los siguientes sitios: <a href=\"http:\/\/www.youronlinechoices.eu\">www.youronlinechoices.eu<\/a> y <a href=\"http:\/\/www.allaboutcookies.org\">www.allaboutcookies.org<\/a>.<\/p>\n<h3><strong>CONT\u00c1CTENOS<\/strong><\/h3>\n<p>Si tiene alguna pregunta, comentario o inquietud relacionada con esta Pol\u00edtica de Cookies y la manera en la cual Grupo Havas utiliza las cookies y otras tecnolog\u00edas de rastreo, p\u00f3ngase en contacto enviando un correo electr\u00f3nico a <a href=\"mailto:adminprotecciondedatos@havas.com\">adminprotecciondedatos@havas.com<\/a>.<\/p>\n<\/div>\n","protected":false},"excerpt":{"rendered":"<p>POL\u00cdTICA DE COOKIES Cuando usted visita nuestro sitio https:\/\/mx.havas.com, algunas cookies u otras tecnolog\u00edas de rastreo podr\u00e1n almacenarse en su dispositivo (computadora, tableta o smartphone). Esta Pol\u00edtica de Cookies contiene informaci\u00f3n sobre qu\u00e9 son las cookies, el tipo de cookies utilizado por el Grupo Havas en el sitio https:\/\/mx.havas.com y el prop\u00f3sito de dicho uso, [&hellip;]<\/p>\n","protected":false},"author":6,"featured_media":0,"parent":0,"menu_order":0,"comment_status":"closed","ping_status":"closed","template":"","meta":{"footnotes":""},"class_list":["post-1706","page","type-page","status-publish","hentry","entry"],"yoast_head":"<!-- This site is optimized with the Yoast SEO plugin v27.3 - https:\/\/yoast.com\/product\/yoast-seo-wordpress\/ -->\n<title>POL\u00cdTICA DE COOKIES - Havas Mexico<\/title>\n<meta name=\"robots\" content=\"index, follow, max-snippet:-1, max-image-preview:large, max-video-preview:-1\" \/>\n<link rel=\"canonical\" href=\"https:\/\/mx.havas.com\/es\/cookie-policy\/\" \/>\n<meta property=\"og:locale\" content=\"es_ES\" \/>\n<meta property=\"og:type\" content=\"article\" \/>\n<meta property=\"og:title\" content=\"POL\u00cdTICA DE COOKIES - Havas Mexico\" \/>\n<meta property=\"og:description\" content=\"POL\u00cdTICA DE COOKIES Cuando usted visita nuestro sitio https:\/\/mx.havas.com, algunas cookies u otras tecnolog\u00edas de rastreo podr\u00e1n almacenarse en su dispositivo (computadora, tableta o smartphone). Esta Pol\u00edtica de Cookies contiene informaci\u00f3n sobre qu\u00e9 son las cookies, el tipo de cookies utilizado por el Grupo Havas en el sitio https:\/\/mx.havas.com y el prop\u00f3sito de dicho uso, [&hellip;]\" \/>\n<meta property=\"og:url\" content=\"https:\/\/mx.havas.com\/es\/cookie-policy\/\" \/>\n<meta property=\"og:site_name\" content=\"Havas Mexico\" \/>\n<meta property=\"article:modified_time\" content=\"2025-06-25T18:09:51+00:00\" \/>\n<meta name=\"twitter:card\" content=\"summary_large_image\" \/>\n<meta name=\"twitter:label1\" content=\"Est. reading time\" \/>\n\t<meta name=\"twitter:data1\" content=\"5 minutes\" \/>\n<script type=\"application\/ld+json\" class=\"yoast-schema-graph\">{\"@context\":\"https:\\\/\\\/schema.org\",\"@graph\":[{\"@type\":\"WebPage\",\"@id\":\"https:\\\/\\\/mx.havas.com\\\/es\\\/cookie-policy\\\/\",\"url\":\"https:\\\/\\\/mx.havas.com\\\/es\\\/cookie-policy\\\/\",\"name\":\"POL\u00cdTICA DE COOKIES - Havas Mexico\",\"isPartOf\":{\"@id\":\"https:\\\/\\\/mx.havas.com\\\/#website\"},\"datePublished\":\"2025-06-24T20:22:55+00:00\",\"dateModified\":\"2025-06-25T18:09:51+00:00\",\"breadcrumb\":{\"@id\":\"https:\\\/\\\/mx.havas.com\\\/es\\\/cookie-policy\\\/#breadcrumb\"},\"inLanguage\":\"es-ES\",\"potentialAction\":[{\"@type\":\"ReadAction\",\"target\":[\"https:\\\/\\\/mx.havas.com\\\/es\\\/cookie-policy\\\/\"]}]},{\"@type\":\"BreadcrumbList\",\"@id\":\"https:\\\/\\\/mx.havas.com\\\/es\\\/cookie-policy\\\/#breadcrumb\",\"itemListElement\":[{\"@type\":\"ListItem\",\"position\":1,\"name\":\"Home\",\"item\":\"https:\\\/\\\/mx.havas.com\\\/es\\\/\"},{\"@type\":\"ListItem\",\"position\":2,\"name\":\"POL\u00cdTICA DE COOKIES\"}]},{\"@type\":\"WebSite\",\"@id\":\"https:\\\/\\\/mx.havas.com\\\/#website\",\"url\":\"https:\\\/\\\/mx.havas.com\\\/\",\"name\":\"Havas Mexico\",\"description\":\"Just another Havas Village Sites site\",\"publisher\":{\"@id\":\"https:\\\/\\\/mx.havas.com\\\/#organization\"},\"potentialAction\":[{\"@type\":\"SearchAction\",\"target\":{\"@type\":\"EntryPoint\",\"urlTemplate\":\"https:\\\/\\\/mx.havas.com\\\/?s={search_term_string}\"},\"query-input\":{\"@type\":\"PropertyValueSpecification\",\"valueRequired\":true,\"valueName\":\"search_term_string\"}}],\"inLanguage\":\"es-ES\"},{\"@type\":\"Organization\",\"@id\":\"https:\\\/\\\/mx.havas.com\\\/#organization\",\"name\":\"Havas Mexico\",\"url\":\"https:\\\/\\\/mx.havas.com\\\/\",\"logo\":{\"@type\":\"ImageObject\",\"inLanguage\":\"es-ES\",\"@id\":\"https:\\\/\\\/mx.havas.com\\\/#\\\/schema\\\/logo\\\/image\\\/\",\"url\":\"https:\\\/\\\/mx.havas.com\\\/wp-content\\\/uploads\\\/2022\\\/10\\\/B_HHOME.jpg\",\"contentUrl\":\"https:\\\/\\\/mx.havas.com\\\/wp-content\\\/uploads\\\/2022\\\/10\\\/B_HHOME.jpg\",\"width\":1920,\"height\":1080,\"caption\":\"Havas Mexico\"},\"image\":{\"@id\":\"https:\\\/\\\/mx.havas.com\\\/#\\\/schema\\\/logo\\\/image\\\/\"}}]}<\/script>\n<!-- \/ Yoast SEO plugin. -->","yoast_head_json":{"title":"POL\u00cdTICA DE COOKIES - Havas Mexico","robots":{"index":"index","follow":"follow","max-snippet":"max-snippet:-1","max-image-preview":"max-image-preview:large","max-video-preview":"max-video-preview:-1"},"canonical":"https:\/\/mx.havas.com\/es\/cookie-policy\/","og_locale":"es_ES","og_type":"article","og_title":"POL\u00cdTICA DE COOKIES - Havas Mexico","og_description":"POL\u00cdTICA DE COOKIES Cuando usted visita nuestro sitio https:\/\/mx.havas.com, algunas cookies u otras tecnolog\u00edas de rastreo podr\u00e1n almacenarse en su dispositivo (computadora, tableta o smartphone). Esta Pol\u00edtica de Cookies contiene informaci\u00f3n sobre qu\u00e9 son las cookies, el tipo de cookies utilizado por el Grupo Havas en el sitio https:\/\/mx.havas.com y el prop\u00f3sito de dicho uso, [&hellip;]","og_url":"https:\/\/mx.havas.com\/es\/cookie-policy\/","og_site_name":"Havas Mexico","article_modified_time":"2025-06-25T18:09:51+00:00","twitter_card":"summary_large_image","twitter_misc":{"Est. reading time":"5 minutes"},"schema":{"@context":"https:\/\/schema.org","@graph":[{"@type":"WebPage","@id":"https:\/\/mx.havas.com\/es\/cookie-policy\/","url":"https:\/\/mx.havas.com\/es\/cookie-policy\/","name":"POL\u00cdTICA DE COOKIES - Havas Mexico","isPartOf":{"@id":"https:\/\/mx.havas.com\/#website"},"datePublished":"2025-06-24T20:22:55+00:00","dateModified":"2025-06-25T18:09:51+00:00","breadcrumb":{"@id":"https:\/\/mx.havas.com\/es\/cookie-policy\/#breadcrumb"},"inLanguage":"es-ES","potentialAction":[{"@type":"ReadAction","target":["https:\/\/mx.havas.com\/es\/cookie-policy\/"]}]},{"@type":"BreadcrumbList","@id":"https:\/\/mx.havas.com\/es\/cookie-policy\/#breadcrumb","itemListElement":[{"@type":"ListItem","position":1,"name":"Home","item":"https:\/\/mx.havas.com\/es\/"},{"@type":"ListItem","position":2,"name":"POL\u00cdTICA DE COOKIES"}]},{"@type":"WebSite","@id":"https:\/\/mx.havas.com\/#website","url":"https:\/\/mx.havas.com\/","name":"Havas Mexico","description":"Just another Havas Village Sites site","publisher":{"@id":"https:\/\/mx.havas.com\/#organization"},"potentialAction":[{"@type":"SearchAction","target":{"@type":"EntryPoint","urlTemplate":"https:\/\/mx.havas.com\/?s={search_term_string}"},"query-input":{"@type":"PropertyValueSpecification","valueRequired":true,"valueName":"search_term_string"}}],"inLanguage":"es-ES"},{"@type":"Organization","@id":"https:\/\/mx.havas.com\/#organization","name":"Havas Mexico","url":"https:\/\/mx.havas.com\/","logo":{"@type":"ImageObject","inLanguage":"es-ES","@id":"https:\/\/mx.havas.com\/#\/schema\/logo\/image\/","url":"https:\/\/mx.havas.com\/wp-content\/uploads\/2022\/10\/B_HHOME.jpg","contentUrl":"https:\/\/mx.havas.com\/wp-content\/uploads\/2022\/10\/B_HHOME.jpg","width":1920,"height":1080,"caption":"Havas Mexico"},"image":{"@id":"https:\/\/mx.havas.com\/#\/schema\/logo\/image\/"}}]}},"_links":{"self":[{"href":"https:\/\/mx.havas.com\/es\/wp-json\/wp\/v2\/pages\/1706","targetHints":{"allow":["GET"]}}],"collection":[{"href":"https:\/\/mx.havas.com\/es\/wp-json\/wp\/v2\/pages"}],"about":[{"href":"https:\/\/mx.havas.com\/es\/wp-json\/wp\/v2\/types\/page"}],"author":[{"embeddable":true,"href":"https:\/\/mx.havas.com\/es\/wp-json\/wp\/v2\/users\/6"}],"replies":[{"embeddable":true,"href":"https:\/\/mx.havas.com\/es\/wp-json\/wp\/v2\/comments?post=1706"}],"version-history":[{"count":0,"href":"https:\/\/mx.havas.com\/es\/wp-json\/wp\/v2\/pages\/1706\/revisions"}],"wp:attachment":[{"href":"https:\/\/mx.havas.com\/es\/wp-json\/wp\/v2\/media?parent=1706"}],"curies":[{"name":"wp","href":"https:\/\/api.w.org\/{rel}","templated":true}]}}